{"id":371,"date":"2020-12-13T18:01:38","date_gmt":"2020-12-13T17:01:38","guid":{"rendered":"https:\/\/pilipartist.fr\/?page_id=371"},"modified":"2022-02-16T11:30:17","modified_gmt":"2022-02-16T11:30:17","slug":"expositions-evenements-pilip","status":"publish","type":"page","link":"https:\/\/en.pilipartist.fr\/index.php\/expositions-evenements-pilip\/","title":{"rendered":"Events"},"content":{"rendered":"\n<div class=\"wp-block-media-text alignwide is-stacked-on-mobile\"><figure class=\"wp-block-media-text__media\"><img loading=\"lazy\" decoding=\"async\" width=\"1024\" height=\"793\" src=\"https:\/\/en.pilipartist.fr\/wp-content\/uploads\/2021\/12\/Hommes-debouts-1024x793.jpg\" alt=\"\" class=\"wp-image-1088 size-full\" srcset=\"https:\/\/en.pilipartist.fr\/wp-content\/uploads\/2021\/12\/Hommes-debouts-1024x793.jpg 1024w, https:\/\/en.pilipartist.fr\/wp-content\/uploads\/2021\/12\/Hommes-debouts-300x232.jpg 300w, https:\/\/en.pilipartist.fr\/wp-content\/uploads\/2021\/12\/Hommes-debouts-768x594.jpg 768w, https:\/\/en.pilipartist.fr\/wp-content\/uploads\/2021\/12\/Hommes-debouts-1536x1189.jpg 1536w, https:\/\/en.pilipartist.fr\/wp-content\/uploads\/2021\/12\/Hommes-debouts.jpg 1593w\" sizes=\"auto, (max-width: 767px) 89vw, (max-width: 1000px) 54vw, (max-width: 1071px) 543px, 580px\" \/><\/figure><div class=\"wp-block-media-text__content\">\n<p class=\"has-large-font-size\">Exhibition <\/p>\n\n\n\n<p>Authon sur Perche  (France)<br>4-6 June 2022<br>Collective exhibition<\/p>\n<\/div><\/div>\n\n\n\n<div class=\"wp-block-media-text alignwide is-stacked-on-mobile\"><figure class=\"wp-block-media-text__media\"><img loading=\"lazy\" decoding=\"async\" width=\"1024\" height=\"768\" src=\"https:\/\/en.pilipartist.fr\/wp-content\/uploads\/2022\/01\/affiche-1-1024x768.jpg\" alt=\"\" class=\"wp-image-1140 size-full\" srcset=\"https:\/\/en.pilipartist.fr\/wp-content\/uploads\/2022\/01\/affiche-1-1024x768.jpg 1024w, https:\/\/en.pilipartist.fr\/wp-content\/uploads\/2022\/01\/affiche-1-300x225.jpg 300w, https:\/\/en.pilipartist.fr\/wp-content\/uploads\/2022\/01\/affiche-1-768x576.jpg 768w, https:\/\/en.pilipartist.fr\/wp-content\/uploads\/2022\/01\/affiche-1-1536x1152.jpg 1536w, https:\/\/en.pilipartist.fr\/wp-content\/uploads\/2022\/01\/affiche-1.jpg 1600w\" sizes=\"auto, (max-width: 767px) 89vw, (max-width: 1000px) 54vw, (max-width: 1071px) 543px, 580px\" \/><\/figure><div class=\"wp-block-media-text__content\">\n<p class=\"has-large-font-size\">Pilip exhibition<\/p>\n\n\n\n<p>3 &#8211; 23 January 2022<br><a rel=\"noreferrer noopener\" href=\"https:\/\/www.rougier-ple.fr\/magasin\/rougier-ple-troyes.r.html\" target=\"_blank\">Rougier et Pl\u00e9<\/a> &#8211; Troyes (France)<\/p>\n\n\n\n<p><\/p>\n<\/div><\/div>\n\n\n\n<div class=\"wp-block-media-text alignwide is-stacked-on-mobile\"><figure class=\"wp-block-media-text__media\"><img decoding=\"async\" src=\"https:\/\/en.pilipartist.fr\/wp-content\/uploads\/2021\/10\/Expo-Pilip2-724x1024.jpg\" alt=\"\" class=\"wp-image-965 size-full\"\/><\/figure><div class=\"wp-block-media-text__content\">\n<p class=\"has-large-font-size\">Personal exhibition<\/p>\n\n\n\n<p>15 November &#8211; 17 December  lyc\u00e9e Gabriel Voisin at Troyes: 7 years of figuratives artwork creation.<\/p>\n<\/div><\/div>\n\n\n\n<div class=\"wp-block-media-text alignwide is-stacked-on-mobile\"><figure class=\"wp-block-media-text__media\"><img decoding=\"async\" src=\"https:\/\/pilipartist.fr\/wp-content\/uploads\/2021\/09\/CartesDeVisite-768x1024.jpg\" alt=\"\" class=\"wp-image-863 size-full\"\/><\/figure><div class=\"wp-block-media-text__content\">\n<p class=\"has-large-font-size\">Exhibition Aube<\/p>\n\n\n\n<p>Collective Exhibition 4 &#8211; 5 September 2021, <a rel=\"noreferrer noopener\" href=\"https:\/\/saintbenoistsurvanne.jimdofree.com\/\" target=\"_blank\">Saint-Benoist-sur-Vanne.<\/a><br>Hand made business cards.<\/p>\n<\/div><\/div>\n\n\n\n<div class=\"wp-block-media-text alignwide is-stacked-on-mobile\"><figure class=\"wp-block-media-text__media\"><img loading=\"lazy\" decoding=\"async\" width=\"1024\" height=\"859\" src=\"https:\/\/en.pilipartist.fr\/wp-content\/uploads\/2021\/07\/20210712_182230-scaled-e1626163586738-1024x859.jpg\" alt=\"\" class=\"wp-image-774 size-full\" srcset=\"https:\/\/en.pilipartist.fr\/wp-content\/uploads\/2021\/07\/20210712_182230-scaled-e1626163586738-1024x859.jpg 1024w, https:\/\/en.pilipartist.fr\/wp-content\/uploads\/2021\/07\/20210712_182230-scaled-e1626163586738-300x252.jpg 300w, https:\/\/en.pilipartist.fr\/wp-content\/uploads\/2021\/07\/20210712_182230-scaled-e1626163586738-768x645.jpg 768w, https:\/\/en.pilipartist.fr\/wp-content\/uploads\/2021\/07\/20210712_182230-scaled-e1626163586738-1536x1289.jpg 1536w, https:\/\/en.pilipartist.fr\/wp-content\/uploads\/2021\/07\/20210712_182230-scaled-e1626163586738.jpg 1792w\" sizes=\"auto, (max-width: 767px) 89vw, (max-width: 1000px) 54vw, (max-width: 1071px) 543px, 580px\" \/><\/figure><div class=\"wp-block-media-text__content\">\n<p class=\"has-large-font-size\">Exhibition Troyes<\/p>\n\n\n\n<p>in the center of Troyes.<br>9-14 August 2021<br>Many artworks.<br>Presence of the artist<br>C<a rel=\"noreferrer noopener\" href=\"https:\/\/cma-aube.fr\/metiers-dart\/\" target=\"_blank\">hambre des m\u00e9tiers de l&#8217;Aube<\/a><\/p>\n<\/div><\/div>\n\n\n\n<div class=\"wp-block-media-text alignwide is-stacked-on-mobile\"><figure class=\"wp-block-media-text__media\"><img loading=\"lazy\" decoding=\"async\" width=\"768\" height=\"1024\" src=\"https:\/\/en.pilipartist.fr\/wp-content\/uploads\/2021\/05\/120_LendemainDeFatigue-768x1024.jpg\" alt=\"\" class=\"wp-image-668 size-full\" srcset=\"https:\/\/en.pilipartist.fr\/wp-content\/uploads\/2021\/05\/120_LendemainDeFatigue-768x1024.jpg 768w, https:\/\/en.pilipartist.fr\/wp-content\/uploads\/2021\/05\/120_LendemainDeFatigue-225x300.jpg 225w, https:\/\/en.pilipartist.fr\/wp-content\/uploads\/2021\/05\/120_LendemainDeFatigue-1152x1536.jpg 1152w, https:\/\/en.pilipartist.fr\/wp-content\/uploads\/2021\/05\/120_LendemainDeFatigue.jpg 1500w\" sizes=\"auto, (max-width: 767px) 89vw, (max-width: 1000px) 54vw, (max-width: 1071px) 543px, 580px\" \/><\/figure><div class=\"wp-block-media-text__content\">\n<p class=\"has-large-font-size\">Exhibition<br>Troyes<\/p>\n\n\n\n<p><a href=\"https:\/\/www.ville-troyes.fr\/3-rue-des-artistes\/\">55 rue de la cit\u00e9 at Troyes<\/a><\/p>\n\n\n\n<p>During the whole Summer, Pilip is exhibited in the historic center of Troyes, near the cathedral and his studio. Do not hesitate to call him for a visit of the workshop.<\/p>\n<\/div><\/div>\n\n\n\n<div class=\"wp-block-media-text alignwide is-stacked-on-mobile\"><figure class=\"wp-block-media-text__media\"><img loading=\"lazy\" decoding=\"async\" width=\"819\" height=\"1024\" src=\"https:\/\/en.pilipartist.fr\/wp-content\/uploads\/2021\/05\/119_FatiguePullFleur-819x1024.jpg\" alt=\"\" class=\"wp-image-669 size-full\" srcset=\"https:\/\/en.pilipartist.fr\/wp-content\/uploads\/2021\/05\/119_FatiguePullFleur-819x1024.jpg 819w, https:\/\/en.pilipartist.fr\/wp-content\/uploads\/2021\/05\/119_FatiguePullFleur-240x300.jpg 240w, https:\/\/en.pilipartist.fr\/wp-content\/uploads\/2021\/05\/119_FatiguePullFleur-768x960.jpg 768w, https:\/\/en.pilipartist.fr\/wp-content\/uploads\/2021\/05\/119_FatiguePullFleur-1229x1536.jpg 1229w, https:\/\/en.pilipartist.fr\/wp-content\/uploads\/2021\/05\/119_FatiguePullFleur-1638x2048.jpg 1638w, https:\/\/en.pilipartist.fr\/wp-content\/uploads\/2021\/05\/119_FatiguePullFleur.jpg 2000w\" sizes=\"auto, (max-width: 767px) 89vw, (max-width: 1000px) 54vw, (max-width: 1071px) 543px, 580px\" \/><\/figure><div class=\"wp-block-media-text__content\">\n<p class=\"has-large-font-size\">Exhibition<br>La Rochelle<\/p>\n\n\n\n<p><a rel=\"noreferrer noopener\" href=\"https:\/\/lesalondartsplastiquesdelarochelle.com\/\" target=\"_blank\">35\u00e8me salon d&#8217;arts plastiques<\/a><br>July 2021<br>I exhibit 3 paintings there. Acrylic Excellence Award<\/p>\n<\/div><\/div>\n\n\n\n<div class=\"wp-block-media-text alignwide is-stacked-on-mobile\"><figure class=\"wp-block-media-text__media\"><img loading=\"lazy\" decoding=\"async\" width=\"1024\" height=\"850\" src=\"https:\/\/en.pilipartist.fr\/wp-content\/uploads\/2021\/05\/102_HordeAuDrapeau-1024x850.jpg\" alt=\"\" class=\"wp-image-667 size-full\" srcset=\"https:\/\/en.pilipartist.fr\/wp-content\/uploads\/2021\/05\/102_HordeAuDrapeau-1024x850.jpg 1024w, https:\/\/en.pilipartist.fr\/wp-content\/uploads\/2021\/05\/102_HordeAuDrapeau-300x249.jpg 300w, https:\/\/en.pilipartist.fr\/wp-content\/uploads\/2021\/05\/102_HordeAuDrapeau-768x638.jpg 768w, https:\/\/en.pilipartist.fr\/wp-content\/uploads\/2021\/05\/102_HordeAuDrapeau-1536x1275.jpg 1536w, https:\/\/en.pilipartist.fr\/wp-content\/uploads\/2021\/05\/102_HordeAuDrapeau-2048x1700.jpg 2048w\" sizes=\"auto, (max-width: 767px) 89vw, (max-width: 1000px) 54vw, (max-width: 1071px) 543px, 580px\" \/><\/figure><div class=\"wp-block-media-text__content\">\n<p class=\"has-large-font-size\">Exhibition Paris<\/p>\n\n\n\n<p><a rel=\"noreferrer noopener\" href=\"http:\/\/www.galeriedenesle.com\/\" target=\"_blank\">Galerie Nesle<\/a><br>rue de Nesle Paris 6eme<br>26-30 may 2021<br> <a href=\"https:\/\/www.geant-beaux-arts.fr\/?gclid=Cj0KCQjw8IaGBhCHARIsAGIRRYq8WpIj44wgE70-F8_69-j0jj29ZbN1JrDhqqYHDk3v_B_h-T2TUokaAib6EALw_wcB\">G\u00e9ant des Beaux-Arts<\/a> Award.<\/p>\n\n\n\n<p><\/p>\n<\/div><\/div>\n\n\n\n<div class=\"wp-block-media-text alignwide is-stacked-on-mobile\"><figure class=\"wp-block-media-text__media\"><img loading=\"lazy\" decoding=\"async\" width=\"1024\" height=\"768\" src=\"https:\/\/pilipartist.fr\/wp-content\/uploads\/2020\/12\/affichePilipRougieetPle-1024x768.jpg\" alt=\"\" class=\"wp-image-324 size-full\" srcset=\"https:\/\/en.pilipartist.fr\/wp-content\/uploads\/2020\/12\/affichePilipRougieetPle-1024x768.jpg 1024w, https:\/\/en.pilipartist.fr\/wp-content\/uploads\/2020\/12\/affichePilipRougieetPle-300x225.jpg 300w, https:\/\/en.pilipartist.fr\/wp-content\/uploads\/2020\/12\/affichePilipRougieetPle-768x576.jpg 768w, https:\/\/en.pilipartist.fr\/wp-content\/uploads\/2020\/12\/affichePilipRougieetPle-1536x1152.jpg 1536w, https:\/\/en.pilipartist.fr\/wp-content\/uploads\/2020\/12\/affichePilipRougieetPle.jpg 1600w\" sizes=\"auto, (max-width: 767px) 89vw, (max-width: 1000px) 54vw, (max-width: 1071px) 543px, 580px\" \/><\/figure><div class=\"wp-block-media-text__content\">\n<p class=\"has-large-font-size\">Exhibition<\/p>\n\n\n\n<p>Rougi\u00e9 et Pl\u00e9 at Troyes<\/p>\n<\/div><\/div>\n\n\n\n<div class=\"wp-block-media-text alignwide is-stacked-on-mobile\"><figure class=\"wp-block-media-text__media\"><img decoding=\"async\" src=\"https:\/\/pilipartist.fr\/wp-content\/uploads\/2020\/12\/IMG_20200107_141100_186-819x1024.jpg\" alt=\"\" class=\"wp-image-346 size-full\"\/><\/figure><div class=\"wp-block-media-text__content\">\n<p class=\"has-large-font-size\">New year<\/p>\n\n\n\n<p>New year 2020&#8230; <br>No matter the cost&#8230;between the Covid and the confinements, yes, this year cost us a lot.<\/p>\n<\/div><\/div>\n\n\n\n<div class=\"wp-block-media-text alignwide is-stacked-on-mobile\"><figure class=\"wp-block-media-text__media\"><img loading=\"lazy\" decoding=\"async\" width=\"819\" height=\"1024\" src=\"https:\/\/pilipartist.fr\/wp-content\/uploads\/2020\/12\/IMG_20190212_192115_628-819x1024.jpg\" alt=\"\" class=\"wp-image-342 size-full\" srcset=\"https:\/\/en.pilipartist.fr\/wp-content\/uploads\/2020\/12\/IMG_20190212_192115_628-819x1024.jpg 819w, https:\/\/en.pilipartist.fr\/wp-content\/uploads\/2020\/12\/IMG_20190212_192115_628-240x300.jpg 240w, https:\/\/en.pilipartist.fr\/wp-content\/uploads\/2020\/12\/IMG_20190212_192115_628-768x960.jpg 768w, https:\/\/en.pilipartist.fr\/wp-content\/uploads\/2020\/12\/IMG_20190212_192115_628.jpg 1200w\" sizes=\"auto, (max-width: 767px) 89vw, (max-width: 1000px) 54vw, (max-width: 1071px) 543px, 580px\" \/><\/figure><div class=\"wp-block-media-text__content\">\n<p class=\"has-large-font-size\">Personal exhibition<\/p>\n<\/div><\/div>\n\n\n\n<div class=\"wp-block-media-text alignwide is-stacked-on-mobile\"><figure class=\"wp-block-media-text__media\"><img decoding=\"async\" src=\"https:\/\/pilipartist.fr\/wp-content\/uploads\/2020\/11\/affiche-Bougnat-724x1024.jpg\" alt=\"\" class=\"wp-image-46 size-full\"\/><\/figure><div class=\"wp-block-media-text__content\">\n<p class=\"has-large-font-size\">Personal exhibition<\/p>\n<\/div><\/div>\n","protected":false},"excerpt":{"rendered":"<p>Exhibition Authon sur Perche (France)4-6 June 2022Collective exhibition Pilip exhibition 3 &#8211; 23 January 2022Rougier et Pl\u00e9 &#8211; Troyes (France) Personal exhibition 15 November &#8211; 17 December lyc\u00e9e Gabriel Voisin at Troyes: 7 years of figuratives artwork creation. Exhibition Aube Collective Exhibition 4 &#8211; 5 September 2021, Saint-Benoist-sur-Vanne.Hand made business cards. Exhibition Troyes in the &hellip; <\/p>\n<p class=\"link-more\"><a href=\"https:\/\/en.pilipartist.fr\/index.php\/expositions-evenements-pilip\/\" class=\"more-link\">Continue reading<span class=\"screen-reader-text\"> &#8220;Events&#8221;<\/span><\/a><\/p>\n","protected":false},"author":1,"featured_media":0,"parent":0,"menu_order":0,"comment_status":"closed","ping_status":"closed","template":"","meta":{"ngg_post_thumbnail":0,"footnotes":""},"class_list":["post-371","page","type-page","status-publish","hentry"],"yoast_head":"<!-- This site is optimized with the Yoast SEO plugin v19.3 - https:\/\/yoast.com\/wordpress\/plugins\/seo\/ -->\n<title>Expositions et \u00e9v\u00e8nements artistiques de l&#039;artiste Pilip<\/title>\n<meta name=\"description\" content=\"Expositions et \u00e9v\u00e8nements de l&#039;artiste expressionniste Pilip. Peintures, dessins et sculptures en terre cuite.\" \/>\n<meta name=\"robots\" content=\"index, follow, max-snippet:-1, max-image-preview:large, max-video-preview:-1\" \/>\n<link rel=\"canonical\" href=\"https:\/\/en.pilipartist.fr\/index.php\/expositions-evenements-pilip\/\" \/>\n<meta property=\"og:locale\" content=\"en_GB\" \/>\n<meta property=\"og:type\" content=\"article\" \/>\n<meta property=\"og:title\" content=\"Expositions et \u00e9v\u00e8nements artistiques de l&#039;artiste Pilip\" \/>\n<meta property=\"og:description\" content=\"Expositions et \u00e9v\u00e8nements de l&#039;artiste expressionniste Pilip. Peintures, dessins et sculptures en terre cuite.\" \/>\n<meta property=\"og:url\" content=\"https:\/\/en.pilipartist.fr\/index.php\/expositions-evenements-pilip\/\" \/>\n<meta property=\"og:site_name\" content=\"PILIP Artist\" \/>\n<meta property=\"article:modified_time\" content=\"2022-02-16T11:30:17+00:00\" \/>\n<meta property=\"og:image\" content=\"http:\/\/en.pilipartist.fr\/wp-content\/uploads\/2021\/12\/Hommes-debouts-1024x793.jpg\" \/>\n<meta name=\"twitter:card\" content=\"summary_large_image\" \/>\n<meta name=\"twitter:label1\" content=\"Estimated reading time\" \/>\n\t<meta name=\"twitter:data1\" content=\"4 minutes\" \/>\n<script type=\"application\/ld+json\" class=\"yoast-schema-graph\">{\"@context\":\"https:\/\/schema.org\",\"@graph\":[{\"@type\":\"WebSite\",\"@id\":\"https:\/\/en.pilipartist.fr\/#website\",\"url\":\"https:\/\/en.pilipartist.fr\/\",\"name\":\"PILIP Artist\",\"description\":\"Modern and Expressionist\",\"potentialAction\":[{\"@type\":\"SearchAction\",\"target\":{\"@type\":\"EntryPoint\",\"urlTemplate\":\"https:\/\/en.pilipartist.fr\/?s={search_term_string}\"},\"query-input\":\"required name=search_term_string\"}],\"inLanguage\":\"en-GB\"},{\"@type\":\"ImageObject\",\"inLanguage\":\"en-GB\",\"@id\":\"https:\/\/en.pilipartist.fr\/index.php\/expositions-evenements-pilip\/#primaryimage\",\"url\":\"http:\/\/en.pilipartist.fr\/wp-content\/uploads\/2021\/12\/Hommes-debouts-1024x793.jpg\",\"contentUrl\":\"http:\/\/en.pilipartist.fr\/wp-content\/uploads\/2021\/12\/Hommes-debouts-1024x793.jpg\"},{\"@type\":\"WebPage\",\"@id\":\"https:\/\/en.pilipartist.fr\/index.php\/expositions-evenements-pilip\/\",\"url\":\"https:\/\/en.pilipartist.fr\/index.php\/expositions-evenements-pilip\/\",\"name\":\"Expositions et \u00e9v\u00e8nements artistiques de l'artiste Pilip\",\"isPartOf\":{\"@id\":\"https:\/\/en.pilipartist.fr\/#website\"},\"primaryImageOfPage\":{\"@id\":\"https:\/\/en.pilipartist.fr\/index.php\/expositions-evenements-pilip\/#primaryimage\"},\"datePublished\":\"2020-12-13T17:01:38+00:00\",\"dateModified\":\"2022-02-16T11:30:17+00:00\",\"description\":\"Expositions et \u00e9v\u00e8nements de l'artiste expressionniste Pilip. Peintures, dessins et sculptures en terre cuite.\",\"breadcrumb\":{\"@id\":\"https:\/\/en.pilipartist.fr\/index.php\/expositions-evenements-pilip\/#breadcrumb\"},\"inLanguage\":\"en-GB\",\"potentialAction\":[{\"@type\":\"ReadAction\",\"target\":[\"https:\/\/en.pilipartist.fr\/index.php\/expositions-evenements-pilip\/\"]}]},{\"@type\":\"BreadcrumbList\",\"@id\":\"https:\/\/en.pilipartist.fr\/index.php\/expositions-evenements-pilip\/#breadcrumb\",\"itemListElement\":[{\"@type\":\"ListItem\",\"position\":1,\"name\":\"Home\",\"item\":\"https:\/\/en.pilipartist.fr\/\"},{\"@type\":\"ListItem\",\"position\":2,\"name\":\"Events\"}]}]}<\/script>\n<!-- \/ Yoast SEO plugin. -->","yoast_head_json":{"title":"Expositions et \u00e9v\u00e8nements artistiques de l'artiste Pilip","description":"Expositions et \u00e9v\u00e8nements de l'artiste expressionniste Pilip. Peintures, dessins et sculptures en terre cuite.","robots":{"index":"index","follow":"follow","max-snippet":"max-snippet:-1","max-image-preview":"max-image-preview:large","max-video-preview":"max-video-preview:-1"},"canonical":"https:\/\/en.pilipartist.fr\/index.php\/expositions-evenements-pilip\/","og_locale":"en_GB","og_type":"article","og_title":"Expositions et \u00e9v\u00e8nements artistiques de l'artiste Pilip","og_description":"Expositions et \u00e9v\u00e8nements de l'artiste expressionniste Pilip. Peintures, dessins et sculptures en terre cuite.","og_url":"https:\/\/en.pilipartist.fr\/index.php\/expositions-evenements-pilip\/","og_site_name":"PILIP Artist","article_modified_time":"2022-02-16T11:30:17+00:00","og_image":[{"url":"http:\/\/en.pilipartist.fr\/wp-content\/uploads\/2021\/12\/Hommes-debouts-1024x793.jpg"}],"twitter_card":"summary_large_image","twitter_misc":{"Estimated reading time":"4 minutes"},"schema":{"@context":"https:\/\/schema.org","@graph":[{"@type":"WebSite","@id":"https:\/\/en.pilipartist.fr\/#website","url":"https:\/\/en.pilipartist.fr\/","name":"PILIP Artist","description":"Modern and Expressionist","potentialAction":[{"@type":"SearchAction","target":{"@type":"EntryPoint","urlTemplate":"https:\/\/en.pilipartist.fr\/?s={search_term_string}"},"query-input":"required name=search_term_string"}],"inLanguage":"en-GB"},{"@type":"ImageObject","inLanguage":"en-GB","@id":"https:\/\/en.pilipartist.fr\/index.php\/expositions-evenements-pilip\/#primaryimage","url":"http:\/\/en.pilipartist.fr\/wp-content\/uploads\/2021\/12\/Hommes-debouts-1024x793.jpg","contentUrl":"http:\/\/en.pilipartist.fr\/wp-content\/uploads\/2021\/12\/Hommes-debouts-1024x793.jpg"},{"@type":"WebPage","@id":"https:\/\/en.pilipartist.fr\/index.php\/expositions-evenements-pilip\/","url":"https:\/\/en.pilipartist.fr\/index.php\/expositions-evenements-pilip\/","name":"Expositions et \u00e9v\u00e8nements artistiques de l'artiste Pilip","isPartOf":{"@id":"https:\/\/en.pilipartist.fr\/#website"},"primaryImageOfPage":{"@id":"https:\/\/en.pilipartist.fr\/index.php\/expositions-evenements-pilip\/#primaryimage"},"datePublished":"2020-12-13T17:01:38+00:00","dateModified":"2022-02-16T11:30:17+00:00","description":"Expositions et \u00e9v\u00e8nements de l'artiste expressionniste Pilip. Peintures, dessins et sculptures en terre cuite.","breadcrumb":{"@id":"https:\/\/en.pilipartist.fr\/index.php\/expositions-evenements-pilip\/#breadcrumb"},"inLanguage":"en-GB","potentialAction":[{"@type":"ReadAction","target":["https:\/\/en.pilipartist.fr\/index.php\/expositions-evenements-pilip\/"]}]},{"@type":"BreadcrumbList","@id":"https:\/\/en.pilipartist.fr\/index.php\/expositions-evenements-pilip\/#breadcrumb","itemListElement":[{"@type":"ListItem","position":1,"name":"Home","item":"https:\/\/en.pilipartist.fr\/"},{"@type":"ListItem","position":2,"name":"Events"}]}]}},"_links":{"self":[{"href":"https:\/\/en.pilipartist.fr\/index.php\/wp-json\/wp\/v2\/pages\/371","targetHints":{"allow":["GET"]}}],"collection":[{"href":"https:\/\/en.pilipartist.fr\/index.php\/wp-json\/wp\/v2\/pages"}],"about":[{"href":"https:\/\/en.pilipartist.fr\/index.php\/wp-json\/wp\/v2\/types\/page"}],"author":[{"embeddable":true,"href":"https:\/\/en.pilipartist.fr\/index.php\/wp-json\/wp\/v2\/users\/1"}],"replies":[{"embeddable":true,"href":"https:\/\/en.pilipartist.fr\/index.php\/wp-json\/wp\/v2\/comments?post=371"}],"version-history":[{"count":4,"href":"https:\/\/en.pilipartist.fr\/index.php\/wp-json\/wp\/v2\/pages\/371\/revisions"}],"predecessor-version":[{"id":1190,"href":"https:\/\/en.pilipartist.fr\/index.php\/wp-json\/wp\/v2\/pages\/371\/revisions\/1190"}],"wp:attachment":[{"href":"https:\/\/en.pilipartist.fr\/index.php\/wp-json\/wp\/v2\/media?parent=371"}],"curies":[{"name":"wp","href":"https:\/\/api.w.org\/{rel}","templated":true}]}}