{"id":365,"date":"2020-12-13T16:16:28","date_gmt":"2020-12-13T15:16:28","guid":{"rendered":"https:\/\/pilipartist.fr\/?page_id=365"},"modified":"2022-02-13T18:22:09","modified_gmt":"2022-02-13T18:22:09","slug":"les-arts-pilip","status":"publish","type":"page","link":"https:\/\/en.pilipartist.fr\/index.php\/les-arts-pilip\/","title":{"rendered":"Pilip Arts"},"content":{"rendered":"\n<div class=\"wp-block-media-text alignwide is-stacked-on-mobile\"><figure class=\"wp-block-media-text__media\"><img loading=\"lazy\" decoding=\"async\" width=\"1024\" height=\"777\" src=\"https:\/\/pilipartist.fr\/wp-content\/uploads\/2020\/11\/20201123_114644-1-scaled-e1606151204804-1024x777.jpg\" alt=\"3 femmes devisant acrylique sur toile\" class=\"wp-image-115 size-full\" srcset=\"https:\/\/en.pilipartist.fr\/wp-content\/uploads\/2020\/11\/20201123_114644-1-scaled-e1606151204804-1024x777.jpg 1024w, https:\/\/en.pilipartist.fr\/wp-content\/uploads\/2020\/11\/20201123_114644-1-scaled-e1606151204804-300x228.jpg 300w, https:\/\/en.pilipartist.fr\/wp-content\/uploads\/2020\/11\/20201123_114644-1-scaled-e1606151204804-768x583.jpg 768w, https:\/\/en.pilipartist.fr\/wp-content\/uploads\/2020\/11\/20201123_114644-1-scaled-e1606151204804-1536x1166.jpg 1536w, https:\/\/en.pilipartist.fr\/wp-content\/uploads\/2020\/11\/20201123_114644-1-scaled-e1606151204804.jpg 1753w\" sizes=\"auto, (max-width: 767px) 89vw, (max-width: 1000px) 54vw, (max-width: 1071px) 543px, 580px\" \/><\/figure><div class=\"wp-block-media-text__content\">\n<p class=\"has-large-font-size\">Paintings<\/p>\n\n\n\n<p>Oil or acrylic paintings on canvas, paper or panel<\/p>\n\n\n\n<p>More informations:  <a href=\"https:\/\/pilipartist.fr\/galerie-peinture-pilip\/\" target=\"_blank\" rel=\"noreferrer noopener\">paintings<\/a><\/p>\n<\/div><\/div>\n\n\n\n<div class=\"wp-block-media-text alignwide is-stacked-on-mobile\"><figure class=\"wp-block-media-text__media\"><img loading=\"lazy\" decoding=\"async\" width=\"1024\" height=\"1024\" src=\"https:\/\/pilipartist.fr\/wp-content\/uploads\/2020\/12\/IMG_20181006_181818_114-1024x1024.jpg\" alt=\"\" class=\"wp-image-341 size-full\" srcset=\"https:\/\/en.pilipartist.fr\/wp-content\/uploads\/2020\/12\/IMG_20181006_181818_114-1024x1024.jpg 1024w, https:\/\/en.pilipartist.fr\/wp-content\/uploads\/2020\/12\/IMG_20181006_181818_114-300x300.jpg 300w, https:\/\/en.pilipartist.fr\/wp-content\/uploads\/2020\/12\/IMG_20181006_181818_114-150x150.jpg 150w, https:\/\/en.pilipartist.fr\/wp-content\/uploads\/2020\/12\/IMG_20181006_181818_114-768x768.jpg 768w, https:\/\/en.pilipartist.fr\/wp-content\/uploads\/2020\/12\/IMG_20181006_181818_114-1536x1536.jpg 1536w, https:\/\/en.pilipartist.fr\/wp-content\/uploads\/2020\/12\/IMG_20181006_181818_114-2048x2048.jpg 2048w, https:\/\/en.pilipartist.fr\/wp-content\/uploads\/2020\/12\/IMG_20181006_181818_114-100x100.jpg 100w\" sizes=\"auto, (max-width: 767px) 89vw, (max-width: 1000px) 54vw, (max-width: 1071px) 543px, 580px\" \/><\/figure><div class=\"wp-block-media-text__content\">\n<p class=\"has-large-font-size\">Drawings<\/p>\n\n\n\n<p>mixed techniques (ink, charcoal, graphite, acrylic,\u2026) on paper<\/p>\n\n\n\n<p>More informations : <a href=\"https:\/\/pilipartist.fr\/galerie-dessins-pilip\/\" target=\"_blank\" rel=\"noreferrer noopener\">drawings<\/a><\/p>\n<\/div><\/div>\n\n\n\n<div class=\"wp-block-media-text alignwide is-stacked-on-mobile\"><figure class=\"wp-block-media-text__media\"><img loading=\"lazy\" decoding=\"async\" width=\"632\" height=\"1024\" src=\"https:\/\/pilipartist.fr\/wp-content\/uploads\/2020\/11\/20201123_121250-scaled-e1606161980299-632x1024.jpg\" alt=\"Homme \u00e9chevel\u00e9 terre cuite\" class=\"wp-image-130 size-full\" srcset=\"https:\/\/en.pilipartist.fr\/wp-content\/uploads\/2020\/11\/20201123_121250-scaled-e1606161980299-632x1024.jpg 632w, https:\/\/en.pilipartist.fr\/wp-content\/uploads\/2020\/11\/20201123_121250-scaled-e1606161980299-185x300.jpg 185w, https:\/\/en.pilipartist.fr\/wp-content\/uploads\/2020\/11\/20201123_121250-scaled-e1606161980299-768x1245.jpg 768w, https:\/\/en.pilipartist.fr\/wp-content\/uploads\/2020\/11\/20201123_121250-scaled-e1606161980299-947x1536.jpg 947w, https:\/\/en.pilipartist.fr\/wp-content\/uploads\/2020\/11\/20201123_121250-scaled-e1606161980299-1263x2048.jpg 1263w, https:\/\/en.pilipartist.fr\/wp-content\/uploads\/2020\/11\/20201123_121250-scaled-e1606161980299.jpg 1267w\" sizes=\"auto, (max-width: 632px) 100vw, 632px\" \/><\/figure><div class=\"wp-block-media-text__content\">\n<p class=\"has-large-font-size\">Sculptures<\/p>\n\n\n\n<p>Terracottas, enhanced with acrylic<\/p>\n\n\n\n<p>more informations : <a href=\"https:\/\/pilipartist.fr\/galerie-sculptures-pilip-terres-cuites\/\" target=\"_blank\" rel=\"noreferrer noopener\">Sculptures<\/a><\/p>\n<\/div><\/div>\n\n\n\n<p><\/p>\n","protected":false},"excerpt":{"rendered":"<p>Paintings Oil or acrylic paintings on canvas, paper or panel More informations: paintings Drawings mixed techniques (ink, charcoal, graphite, acrylic,\u2026) on paper More informations : drawings Sculptures Terracottas, enhanced with acrylic more informations : Sculptures<\/p>\n","protected":false},"author":1,"featured_media":0,"parent":0,"menu_order":0,"comment_status":"closed","ping_status":"closed","template":"","meta":{"ngg_post_thumbnail":0,"footnotes":""},"class_list":["post-365","page","type-page","status-publish","hentry"],"yoast_head":"<!-- This site is optimized with the Yoast SEO plugin v19.3 - https:\/\/yoast.com\/wordpress\/plugins\/seo\/ -->\n<title>Les arts de l&#039;artiste expressionniste moderne fran\u00e7ais Pilip<\/title>\n<meta name=\"description\" content=\"Les arts de l&#039;artiste moderne Pilip: Peinture, dessins, sculptures. Ses \u0153uvres sont un m\u00e9lange d&#039;expressionnisme, d&#039;art brut et d&#039;humour\" \/>\n<meta name=\"robots\" content=\"index, follow, max-snippet:-1, max-image-preview:large, max-video-preview:-1\" \/>\n<link rel=\"canonical\" href=\"https:\/\/en.pilipartist.fr\/index.php\/les-arts-pilip\/\" \/>\n<meta property=\"og:locale\" content=\"en_GB\" \/>\n<meta property=\"og:type\" content=\"article\" \/>\n<meta property=\"og:title\" content=\"Les arts de l&#039;artiste expressionniste moderne fran\u00e7ais Pilip\" \/>\n<meta property=\"og:description\" content=\"Les arts de l&#039;artiste moderne Pilip: Peinture, dessins, sculptures. Ses \u0153uvres sont un m\u00e9lange d&#039;expressionnisme, d&#039;art brut et d&#039;humour\" \/>\n<meta property=\"og:url\" content=\"https:\/\/en.pilipartist.fr\/index.php\/les-arts-pilip\/\" \/>\n<meta property=\"og:site_name\" content=\"PILIP Artist\" \/>\n<meta property=\"article:modified_time\" content=\"2022-02-13T18:22:09+00:00\" \/>\n<meta property=\"og:image\" content=\"https:\/\/pilipartist.fr\/wp-content\/uploads\/2020\/11\/20201123_114644-1-scaled-e1606151204804-1024x777.jpg\" \/>\n<meta name=\"twitter:card\" content=\"summary_large_image\" \/>\n<meta name=\"twitter:label1\" content=\"Estimated reading time\" \/>\n\t<meta name=\"twitter:data1\" content=\"1 minute\" \/>\n<script type=\"application\/ld+json\" class=\"yoast-schema-graph\">{\"@context\":\"https:\/\/schema.org\",\"@graph\":[{\"@type\":\"WebSite\",\"@id\":\"https:\/\/en.pilipartist.fr\/#website\",\"url\":\"https:\/\/en.pilipartist.fr\/\",\"name\":\"PILIP Artist\",\"description\":\"Modern and Expressionist\",\"potentialAction\":[{\"@type\":\"SearchAction\",\"target\":{\"@type\":\"EntryPoint\",\"urlTemplate\":\"https:\/\/en.pilipartist.fr\/?s={search_term_string}\"},\"query-input\":\"required name=search_term_string\"}],\"inLanguage\":\"en-GB\"},{\"@type\":\"ImageObject\",\"inLanguage\":\"en-GB\",\"@id\":\"https:\/\/en.pilipartist.fr\/index.php\/les-arts-pilip\/#primaryimage\",\"url\":\"https:\/\/pilipartist.fr\/wp-content\/uploads\/2020\/11\/20201123_114644-1-scaled-e1606151204804-1024x777.jpg\",\"contentUrl\":\"https:\/\/pilipartist.fr\/wp-content\/uploads\/2020\/11\/20201123_114644-1-scaled-e1606151204804-1024x777.jpg\"},{\"@type\":\"WebPage\",\"@id\":\"https:\/\/en.pilipartist.fr\/index.php\/les-arts-pilip\/\",\"url\":\"https:\/\/en.pilipartist.fr\/index.php\/les-arts-pilip\/\",\"name\":\"Les arts de l'artiste expressionniste moderne fran\u00e7ais Pilip\",\"isPartOf\":{\"@id\":\"https:\/\/en.pilipartist.fr\/#website\"},\"primaryImageOfPage\":{\"@id\":\"https:\/\/en.pilipartist.fr\/index.php\/les-arts-pilip\/#primaryimage\"},\"datePublished\":\"2020-12-13T15:16:28+00:00\",\"dateModified\":\"2022-02-13T18:22:09+00:00\",\"description\":\"Les arts de l'artiste moderne Pilip: Peinture, dessins, sculptures. Ses \u0153uvres sont un m\u00e9lange d'expressionnisme, d'art brut et d'humour\",\"breadcrumb\":{\"@id\":\"https:\/\/en.pilipartist.fr\/index.php\/les-arts-pilip\/#breadcrumb\"},\"inLanguage\":\"en-GB\",\"potentialAction\":[{\"@type\":\"ReadAction\",\"target\":[\"https:\/\/en.pilipartist.fr\/index.php\/les-arts-pilip\/\"]}]},{\"@type\":\"BreadcrumbList\",\"@id\":\"https:\/\/en.pilipartist.fr\/index.php\/les-arts-pilip\/#breadcrumb\",\"itemListElement\":[{\"@type\":\"ListItem\",\"position\":1,\"name\":\"Home\",\"item\":\"https:\/\/en.pilipartist.fr\/\"},{\"@type\":\"ListItem\",\"position\":2,\"name\":\"Pilip Arts\"}]}]}<\/script>\n<!-- \/ Yoast SEO plugin. -->","yoast_head_json":{"title":"Les arts de l'artiste expressionniste moderne fran\u00e7ais Pilip","description":"Les arts de l'artiste moderne Pilip: Peinture, dessins, sculptures. Ses \u0153uvres sont un m\u00e9lange d'expressionnisme, d'art brut et d'humour","robots":{"index":"index","follow":"follow","max-snippet":"max-snippet:-1","max-image-preview":"max-image-preview:large","max-video-preview":"max-video-preview:-1"},"canonical":"https:\/\/en.pilipartist.fr\/index.php\/les-arts-pilip\/","og_locale":"en_GB","og_type":"article","og_title":"Les arts de l'artiste expressionniste moderne fran\u00e7ais Pilip","og_description":"Les arts de l'artiste moderne Pilip: Peinture, dessins, sculptures. Ses \u0153uvres sont un m\u00e9lange d'expressionnisme, d'art brut et d'humour","og_url":"https:\/\/en.pilipartist.fr\/index.php\/les-arts-pilip\/","og_site_name":"PILIP Artist","article_modified_time":"2022-02-13T18:22:09+00:00","og_image":[{"url":"https:\/\/pilipartist.fr\/wp-content\/uploads\/2020\/11\/20201123_114644-1-scaled-e1606151204804-1024x777.jpg"}],"twitter_card":"summary_large_image","twitter_misc":{"Estimated reading time":"1 minute"},"schema":{"@context":"https:\/\/schema.org","@graph":[{"@type":"WebSite","@id":"https:\/\/en.pilipartist.fr\/#website","url":"https:\/\/en.pilipartist.fr\/","name":"PILIP Artist","description":"Modern and Expressionist","potentialAction":[{"@type":"SearchAction","target":{"@type":"EntryPoint","urlTemplate":"https:\/\/en.pilipartist.fr\/?s={search_term_string}"},"query-input":"required name=search_term_string"}],"inLanguage":"en-GB"},{"@type":"ImageObject","inLanguage":"en-GB","@id":"https:\/\/en.pilipartist.fr\/index.php\/les-arts-pilip\/#primaryimage","url":"https:\/\/pilipartist.fr\/wp-content\/uploads\/2020\/11\/20201123_114644-1-scaled-e1606151204804-1024x777.jpg","contentUrl":"https:\/\/pilipartist.fr\/wp-content\/uploads\/2020\/11\/20201123_114644-1-scaled-e1606151204804-1024x777.jpg"},{"@type":"WebPage","@id":"https:\/\/en.pilipartist.fr\/index.php\/les-arts-pilip\/","url":"https:\/\/en.pilipartist.fr\/index.php\/les-arts-pilip\/","name":"Les arts de l'artiste expressionniste moderne fran\u00e7ais Pilip","isPartOf":{"@id":"https:\/\/en.pilipartist.fr\/#website"},"primaryImageOfPage":{"@id":"https:\/\/en.pilipartist.fr\/index.php\/les-arts-pilip\/#primaryimage"},"datePublished":"2020-12-13T15:16:28+00:00","dateModified":"2022-02-13T18:22:09+00:00","description":"Les arts de l'artiste moderne Pilip: Peinture, dessins, sculptures. Ses \u0153uvres sont un m\u00e9lange d'expressionnisme, d'art brut et d'humour","breadcrumb":{"@id":"https:\/\/en.pilipartist.fr\/index.php\/les-arts-pilip\/#breadcrumb"},"inLanguage":"en-GB","potentialAction":[{"@type":"ReadAction","target":["https:\/\/en.pilipartist.fr\/index.php\/les-arts-pilip\/"]}]},{"@type":"BreadcrumbList","@id":"https:\/\/en.pilipartist.fr\/index.php\/les-arts-pilip\/#breadcrumb","itemListElement":[{"@type":"ListItem","position":1,"name":"Home","item":"https:\/\/en.pilipartist.fr\/"},{"@type":"ListItem","position":2,"name":"Pilip Arts"}]}]}},"_links":{"self":[{"href":"https:\/\/en.pilipartist.fr\/index.php\/wp-json\/wp\/v2\/pages\/365","targetHints":{"allow":["GET"]}}],"collection":[{"href":"https:\/\/en.pilipartist.fr\/index.php\/wp-json\/wp\/v2\/pages"}],"about":[{"href":"https:\/\/en.pilipartist.fr\/index.php\/wp-json\/wp\/v2\/types\/page"}],"author":[{"embeddable":true,"href":"https:\/\/en.pilipartist.fr\/index.php\/wp-json\/wp\/v2\/users\/1"}],"replies":[{"embeddable":true,"href":"https:\/\/en.pilipartist.fr\/index.php\/wp-json\/wp\/v2\/comments?post=365"}],"version-history":[{"count":3,"href":"https:\/\/en.pilipartist.fr\/index.php\/wp-json\/wp\/v2\/pages\/365\/revisions"}],"predecessor-version":[{"id":1166,"href":"https:\/\/en.pilipartist.fr\/index.php\/wp-json\/wp\/v2\/pages\/365\/revisions\/1166"}],"wp:attachment":[{"href":"https:\/\/en.pilipartist.fr\/index.php\/wp-json\/wp\/v2\/media?parent=365"}],"curies":[{"name":"wp","href":"https:\/\/api.w.org\/{rel}","templated":true}]}}